{"id":6,"date":"2020-08-09T14:37:30","date_gmt":"2020-08-09T17:37:30","guid":{"rendered":"http:\/\/sindimoveis.cim.br\/?page_id=2"},"modified":"2021-12-15T20:57:28","modified_gmt":"2021-12-16T00:57:28","slug":"pagina-exemplo-2","status":"publish","type":"page","link":"https:\/\/sindimoveis.cim.br\/index.php\/pagina-exemplo-2\/","title":{"rendered":"FALA CIDAD\u00c3O"},"content":{"rendered":"\n<p><strong>Espa\u00e7o EXCLUSIVO para o <\/strong>CIDAD\u00c3O consultar o Corretor de Im\u00f3veis com o qual est\u00e1 NEGOCIANDO um im\u00f3vel <em>(loca\u00e7\u00e3o, compra, venda, <strong>Avalia\u00e7\u00e3o<\/strong> ou adminstra\u00e7\u00e3o)<\/em><\/p>\n\n\n\n<p>Al\u00e9m de consultas, este espa\u00e7o tamb\u00e9m pode ser usado para fazer DEN\u00daNCIAS contra profissionais do mercado imobili\u00e1rio. <br><br>Toda den\u00fancia feita neste espa\u00e7o ser\u00e1 apurada e imediatamente computada no SCORE do DENUNCIADO.<\/p>\n\n\n<p>    <iframe\n      id=\"JotFormIFrame-210524007011030\"\n      title=\"FALA CIDAD\u00c3O\"\n      onload=\"window.parent.scrollTo(0,0)\"\n      allowtransparency=\"true\"\n      allowfullscreen=\"true\"\n      allow=\"geolocation; microphone; camera\"\n      src=\"https:\/\/hipaa.jotform.com\/acrecimt\/fala-cidadao\"\n      frameborder=\"0\"\n      style=\"\n      min-width: 100%;\n      height:539px;\n      border:none;\"\n      scrolling=\"no\"\n    ><br \/>\n    <\/iframe><br \/>\n    <script type=\"text\/javascript\">\n      var ifr = document.getElementById(\"JotFormIFrame-210524007011030\");\n      if (ifr) {\n        var src = ifr.src;\n        var iframeParams = [];\n        if (window.location.href && window.location.href.indexOf(\"?\") > -1) {\n          iframeParams = iframeParams.concat(window.location.href.substr(window.location.href.indexOf(\"?\") + 1).split('&'));\n        }\n        if (src && src.indexOf(\"?\") > -1) {\n          iframeParams = iframeParams.concat(src.substr(src.indexOf(\"?\") + 1).split(\"&\"));\n          src = src.substr(0, src.indexOf(\"?\"))\n        }\n        iframeParams.push(\"isIframeEmbed=1\");\n        ifr.src = src + \"?\" + iframeParams.join('&');\n      }\n      window.handleIFrameMessage = function(e) {\n        if (typeof e.data === 'object') { return; }\n        var args = e.data.split(\":\");\n        if (args.length > 2) { iframe = document.getElementById(\"JotFormIFrame-\" + args[(args.length - 1)]); } else { iframe = document.getElementById(\"JotFormIFrame\"); }\n        if (!iframe) { return; }\n        switch (args[0]) {\n          case \"scrollIntoView\":\n            iframe.scrollIntoView();\n            break;\n          case \"setHeight\":\n            iframe.style.height = args[1] + \"px\";\n            break;\n          case \"collapseErrorPage\":\n            if (iframe.clientHeight > window.innerHeight) {\n              iframe.style.height = window.innerHeight + \"px\";\n            }\n            break;\n          case \"reloadPage\":\n            window.location.reload();\n            break;\n          case \"loadScript\":\n            if( !window.isPermitted(e.origin, ['jotform.com', 'jotform.pro']) ) { break; }\n            var src = args[1];\n            if (args.length > 3) {\n                src = args[1] + ':' + args[2];\n            }\n            var script = document.createElement('script');\n            script.src = src;\n            script.type = 'text\/javascript';\n            document.body.appendChild(script);\n            break;\n          case \"exitFullscreen\":\n            if      (window.document.exitFullscreen)        window.document.exitFullscreen();\n            else if (window.document.mozCancelFullScreen)   window.document.mozCancelFullScreen();\n            else if (window.document.mozCancelFullscreen)   window.document.mozCancelFullScreen();\n            else if (window.document.webkitExitFullscreen)  window.document.webkitExitFullscreen();\n            else if (window.document.msExitFullscreen)      window.document.msExitFullscreen();\n            break;\n        }\n        var isJotForm = (e.origin.indexOf(\"jotform\") > -1) ? true : false;\n        if(isJotForm && \"contentWindow\" in iframe && \"postMessage\" in iframe.contentWindow) {\n          var urls = {\"docurl\":encodeURIComponent(document.URL),\"referrer\":encodeURIComponent(document.referrer)};\n          iframe.contentWindow.postMessage(JSON.stringify({\"type\":\"urls\",\"value\":urls}), \"*\");\n        }\n      };\n      window.isPermitted = function(originUrl, whitelisted_domains) {\n        var url = document.createElement('a');\n        url.href = originUrl;\n        var hostname = url.hostname;\n        var result = false;\n        if( typeof hostname !== 'undefined' ) {\n          whitelisted_domains.forEach(function(element) {\n              if( hostname.slice((-1 * element.length - 1)) === '.'.concat(element) ||  hostname === element ) {\n                  result = true;\n              }\n          });\n          return result;\n        }\n      };\n      if (window.addEventListener) {\n        window.addEventListener(\"message\", handleIFrameMessage, false);\n      } else if (window.attachEvent) {\n        window.attachEvent(\"onmessage\", handleIFrameMessage);\n      }\n      <\/script><\/p>\n","protected":false},"excerpt":{"rendered":"<p>Espa\u00e7o EXCLUSIVO para o CIDAD\u00c3O consultar o Corretor de Im\u00f3veis com o qual est\u00e1 NEGOCIANDO um im\u00f3vel (loca\u00e7\u00e3o, compra, venda, Avalia\u00e7\u00e3o ou adminstra\u00e7\u00e3o) Al\u00e9m de consultas, este espa\u00e7o tamb\u00e9m pode ser usado para fazer DEN\u00daNCIAS contra profissionais do mercado imobili\u00e1rio. Toda den\u00fancia feita neste espa\u00e7o ser\u00e1 apurada e imediatamente computada no SCORE do DENUNCIADO.<\/p>\n","protected":false},"author":1,"featured_media":0,"parent":0,"menu_order":0,"comment_status":"closed","ping_status":"open","template":"","meta":{"om_disable_all_campaigns":false,"_monsterinsights_skip_tracking":false,"_monsterinsights_sitenote_active":false,"_monsterinsights_sitenote_note":"","_monsterinsights_sitenote_category":0,"footnotes":""},"class_list":["post-6","page","type-page","status-publish","hentry"],"aioseo_notices":[],"_links":{"self":[{"href":"https:\/\/sindimoveis.cim.br\/index.php\/wp-json\/wp\/v2\/pages\/6","targetHints":{"allow":["GET"]}}],"collection":[{"href":"https:\/\/sindimoveis.cim.br\/index.php\/wp-json\/wp\/v2\/pages"}],"about":[{"href":"https:\/\/sindimoveis.cim.br\/index.php\/wp-json\/wp\/v2\/types\/page"}],"author":[{"embeddable":true,"href":"https:\/\/sindimoveis.cim.br\/index.php\/wp-json\/wp\/v2\/users\/1"}],"replies":[{"embeddable":true,"href":"https:\/\/sindimoveis.cim.br\/index.php\/wp-json\/wp\/v2\/comments?post=6"}],"version-history":[{"count":1,"href":"https:\/\/sindimoveis.cim.br\/index.php\/wp-json\/wp\/v2\/pages\/6\/revisions"}],"predecessor-version":[{"id":528,"href":"https:\/\/sindimoveis.cim.br\/index.php\/wp-json\/wp\/v2\/pages\/6\/revisions\/528"}],"wp:attachment":[{"href":"https:\/\/sindimoveis.cim.br\/index.php\/wp-json\/wp\/v2\/media?parent=6"}],"curies":[{"name":"wp","href":"https:\/\/api.w.org\/{rel}","templated":true}]}}