{"id":1040,"date":"2024-09-21T22:53:34","date_gmt":"2024-09-22T02:53:34","guid":{"rendered":"https:\/\/sindimoveis.cim.br\/?page_id=1040"},"modified":"2024-09-23T18:21:15","modified_gmt":"2024-09-23T22:21:15","slug":"prestacao-de-contas","status":"publish","type":"page","link":"https:\/\/sindimoveis.cim.br\/index.php\/prestacao-de-contas\/","title":{"rendered":"PRESTA\u00c7\u00c3O DE CONTAS"},"content":{"rendered":"\n<h2 class=\"wp-block-heading\"><em><strong><mark style=\"background-color:rgba(0, 0, 0, 0)\" class=\"has-inline-color has-black-color\">2022<\/mark><\/strong><\/em><\/h2>\n\n\n\n<figure class=\"wp-block-image size-large\"><img loading=\"lazy\" decoding=\"async\" width=\"1024\" height=\"621\" src=\"https:\/\/sindimoveis.cim.br\/wp-content\/uploads\/2024\/09\/BALANCO-2022-1024x621.jpeg\" alt=\"\" class=\"wp-image-1041\" srcset=\"https:\/\/sindimoveis.cim.br\/wp-content\/uploads\/2024\/09\/BALANCO-2022-1024x621.jpeg 1024w, https:\/\/sindimoveis.cim.br\/wp-content\/uploads\/2024\/09\/BALANCO-2022-300x182.jpeg 300w, https:\/\/sindimoveis.cim.br\/wp-content\/uploads\/2024\/09\/BALANCO-2022-768x466.jpeg 768w, https:\/\/sindimoveis.cim.br\/wp-content\/uploads\/2024\/09\/BALANCO-2022.jpeg 1065w\" sizes=\"auto, (max-width: 1024px) 100vw, 1024px\" \/><\/figure>\n\n\n\n<hr class=\"wp-block-separator has-alpha-channel-opacity\"\/>\n\n\n\n<p><a href=\"https:\/\/drive.google.com\/file\/d\/1iMUiNdaNL2dpMX312dfR2oaYh1DJShGa\/view?usp=sharing\" target=\"_blank\" rel=\"noopener\" title=\"\">DOWNLOAD do DESCRITIVO da movimenta\u00e7\u00e3o financeira 2022<\/a><\/p>\n\n\n\n<hr class=\"wp-block-separator has-alpha-channel-opacity is-style-wide\"\/>\n\n\n\n<h2 class=\"wp-block-heading\"><em><strong><mark style=\"background-color:rgba(0, 0, 0, 0)\" class=\"has-inline-color has-black-color\">2023<\/mark><\/strong><\/em><\/h2>\n\n\n\n<p><em>BALAN\u00c7O do primeiro dia do ano at\u00e9 o ultimo dia do final do ano de <strong>2023<\/strong><\/em><\/p>\n\n\n\n<figure class=\"wp-block-image size-large\"><img loading=\"lazy\" decoding=\"async\" width=\"1024\" height=\"448\" src=\"https:\/\/sindimoveis.cim.br\/wp-content\/uploads\/2024\/09\/BALANCO-2023-1-1024x448.jpeg\" alt=\"\" class=\"wp-image-1045\" srcset=\"https:\/\/sindimoveis.cim.br\/wp-content\/uploads\/2024\/09\/BALANCO-2023-1-1024x448.jpeg 1024w, https:\/\/sindimoveis.cim.br\/wp-content\/uploads\/2024\/09\/BALANCO-2023-1-300x131.jpeg 300w, https:\/\/sindimoveis.cim.br\/wp-content\/uploads\/2024\/09\/BALANCO-2023-1-768x336.jpeg 768w, https:\/\/sindimoveis.cim.br\/wp-content\/uploads\/2024\/09\/BALANCO-2023-1.jpeg 1396w\" sizes=\"auto, (max-width: 1024px) 100vw, 1024px\" \/><\/figure>\n\n\n\n<p><a href=\"https:\/\/drive.google.com\/file\/d\/1IxywcqwRpfz5NJjXXdyjNrhc31nOgQWh\/view?usp=sharing\" target=\"_blank\" rel=\"noopener\" title=\"\">DOWNLOAD do descritivo da movimenta\u00e7\u00e3o financeira 2023<\/a><\/p>\n\n\n\n<hr class=\"wp-block-separator has-alpha-channel-opacity is-style-wide\"\/>\n\n\n\n<p><\/p>\n\n\n\n<h2 class=\"wp-block-heading\"><em><strong><mark style=\"background-color:rgba(0, 0, 0, 0)\" class=\"has-inline-color has-black-color\">2023<\/mark><\/strong><\/em><\/h2>\n\n\n\n<p><em>BALAN\u00c7O dos primeiros anos de  <strong>2024<\/strong><\/em><\/p>\n\n\n\n<figure class=\"wp-block-image size-large\"><img loading=\"lazy\" decoding=\"async\" width=\"1024\" height=\"605\" src=\"https:\/\/sindimoveis.cim.br\/wp-content\/uploads\/2024\/09\/BALANCO-2024-ATE-14-08-1024x605.jpeg\" alt=\"\" class=\"wp-image-1055\" srcset=\"https:\/\/sindimoveis.cim.br\/wp-content\/uploads\/2024\/09\/BALANCO-2024-ATE-14-08-1024x605.jpeg 1024w, https:\/\/sindimoveis.cim.br\/wp-content\/uploads\/2024\/09\/BALANCO-2024-ATE-14-08-300x177.jpeg 300w, https:\/\/sindimoveis.cim.br\/wp-content\/uploads\/2024\/09\/BALANCO-2024-ATE-14-08-768x454.jpeg 768w, https:\/\/sindimoveis.cim.br\/wp-content\/uploads\/2024\/09\/BALANCO-2024-ATE-14-08.jpeg 1115w\" sizes=\"auto, (max-width: 1024px) 100vw, 1024px\" \/><\/figure>\n\n\n\n<p><br><a href=\"https:\/\/drive.google.com\/file\/d\/1-xQLTdj_AkhnXyNGLldIvefMHyt-nkwN\/view?usp=sharing\" title=\"\">DOWNLOAD do descritivo da movimenta\u00e7\u00e3o financeira 2024 (janeiro at\u00e9 14 de outubro)<\/a><\/p>\n","protected":false},"excerpt":{"rendered":"<p>2022 DOWNLOAD do DESCRITIVO da movimenta\u00e7\u00e3o financeira 2022 2023 BALAN\u00c7O do primeiro dia do ano at\u00e9 o ultimo dia do final do ano de 2023 DOWNLOAD do descritivo da movimenta\u00e7\u00e3o financeira 2023 2023 BALAN\u00c7O dos primeiros anos de 2024 DOWNLOAD do descritivo da movimenta\u00e7\u00e3o financeira 2024 (janeiro at\u00e9 14 de outubro)<\/p>\n","protected":false},"author":1,"featured_media":0,"parent":0,"menu_order":0,"comment_status":"closed","ping_status":"closed","template":"","meta":{"om_disable_all_campaigns":false,"_monsterinsights_skip_tracking":false,"_monsterinsights_sitenote_active":false,"_monsterinsights_sitenote_note":"","_monsterinsights_sitenote_category":0,"footnotes":""},"class_list":["post-1040","page","type-page","status-publish","hentry"],"aioseo_notices":[],"_links":{"self":[{"href":"https:\/\/sindimoveis.cim.br\/index.php\/wp-json\/wp\/v2\/pages\/1040","targetHints":{"allow":["GET"]}}],"collection":[{"href":"https:\/\/sindimoveis.cim.br\/index.php\/wp-json\/wp\/v2\/pages"}],"about":[{"href":"https:\/\/sindimoveis.cim.br\/index.php\/wp-json\/wp\/v2\/types\/page"}],"author":[{"embeddable":true,"href":"https:\/\/sindimoveis.cim.br\/index.php\/wp-json\/wp\/v2\/users\/1"}],"replies":[{"embeddable":true,"href":"https:\/\/sindimoveis.cim.br\/index.php\/wp-json\/wp\/v2\/comments?post=1040"}],"version-history":[{"count":8,"href":"https:\/\/sindimoveis.cim.br\/index.php\/wp-json\/wp\/v2\/pages\/1040\/revisions"}],"predecessor-version":[{"id":1057,"href":"https:\/\/sindimoveis.cim.br\/index.php\/wp-json\/wp\/v2\/pages\/1040\/revisions\/1057"}],"wp:attachment":[{"href":"https:\/\/sindimoveis.cim.br\/index.php\/wp-json\/wp\/v2\/media?parent=1040"}],"curies":[{"name":"wp","href":"https:\/\/api.w.org\/{rel}","templated":true}]}}